{"id":798,"date":"2021-09-20T08:14:38","date_gmt":"2021-09-20T06:14:38","guid":{"rendered":"https:\/\/www.gilz-tech.de\/imprint\/"},"modified":"2025-02-19T18:55:13","modified_gmt":"2025-02-19T17:55:13","slug":"legalnotice","status":"publish","type":"page","link":"https:\/\/www.gilz-tech.de\/en\/legalnotice\/","title":{"rendered":"Legal notice"},"content":{"rendered":"\n<div class=\"wp-block-columns container is-layout-flex wp-container-core-columns-is-layout-28f84493 wp-block-columns-is-layout-flex\">\n<div class=\"wp-block-column is-layout-flow wp-block-column-is-layout-flow\">\n<p>Gilz Tech GmbH<br\/>Ecopark-Allee 36<br\/>49685 Emstek<\/p>\n\n\n\n<p><strong>Represented by:<\/strong><br\/>Dipl.-Ing. Wasili Gilz  <\/p>\n\n\n\n<p><strong>Contact:<\/strong><br\/>Phone <a href=\"tel:+494473325920\">+49 4473 32592-0<\/a><br\/>E-mail: <a href=\"mailto:info@gilz-tech.de\">info@gilz-tech.de<\/a><\/p>\n\n\n\n<p><strong>Entry in the commercial register:<\/strong><br\/>Oldenburg Local Court<br\/>Register number: HRB 214799  <\/p>\n\n\n\n<p><strong>Sales tax ID:<\/strong><br\/>Sales tax identification number according to<br\/>\u00a727 a sales tax law:<\/p>\n\n\n\n<p>VAT ID No.: DE327186790<br\/>StNr.: 68\/218\/04803<\/p>\n\n\n\n<p>Source: Generated with the imprint generator provided by <a href=\"http:\/\/www.e-recht24.de\/\" target=\"_blank\" rel=\"noopener\">eRecht24<\/a>.<\/p>\n\n\n\n<div style=\"height:50px\" aria-hidden=\"true\" class=\"wp-block-spacer\"><\/div>\n\n\n\n<h2 class=\"wp-block-heading\">DISCLAIMER OF LIABILITY<\/h2>\n\n\n\n<p><strong>Liability for Contents<\/strong><\/p>\n\n\n\n<p>Als Diensteanbieter sind wir gem\u00e4\u00df \u00a7 7 Abs.1 DDG is responsible for its own content on these pages in accordance with the general laws. According to \u00a7\u00a7 8 to 10 DDG, however, we as a service provider are not obliged to monitor transmitted or stored third-party information or to investigate circumstances that indicate illegal activity. <\/p>\n\n\n\n<p>Verpflichtungen zur Entfernung oder Sperrung der Nutzung von Informationen nach den allgemeinen Gesetzen bleiben hiervon unber\u00fchrt. Eine diesbez\u00fcgliche Haftung ist jedoch erst ab dem Zeitpunkt der Kenntnis einer konkreten Rechtsverletzung m\u00f6glich. Bei Bekanntwerden von entsprechenden Rechtsverletzungen werden wir diese Inhalte umgehend entfernen.  <\/p>\n<\/div>\n<\/div>\n\n<div class=\"wp-block-columns container is-layout-flex wp-container-core-columns-is-layout-28f84493 wp-block-columns-is-layout-flex\">\n<div class=\"wp-block-column is-layout-flow wp-block-column-is-layout-flow\">\n<p><strong>Liability for Links<\/strong><\/p>\n\n\n\n<p>Unser Angebot enth\u00e4lt Links zu externen Webseiten Dritter, auf deren Inhalte wir keinen Einfluss haben. Deshalb k\u00f6nnen wir f\u00fcr diese fremden Inhalte auch keine Gew\u00e4hr \u00fcbernehmen. F\u00fcr die Inhalte der verlinkten Seiten ist stets der jeweilige Anbieter oder Betreiber der Seiten verantwortlich.   Die verlinkten Seiten wurden zum Zeitpunkt der Verlinkung auf m\u00f6gliche Rechtsverst\u00f6\u00dfe \u00fcberpr\u00fcft. Rechtswidrige Inhalte waren zum Zeitpunkt der Verlinkung nicht erkennbar. <\/p>\n\n\n\n<p>Eine permanente inhaltliche Kontrolle der verlinkten Seiten ist jedoch ohne konkrete Anhaltspunkte einer Rechtsverletzung nicht zumutbar. Bei Bekanntwerden von Rechtsverletzungen werden wir derartige Links umgehend entfernen. <\/p>\n\n\n\n<p><strong>Picture credits<br\/><\/strong>The images used on this website are from:<\/p>\n\n\n\n<ul class=\"wp-block-list liste\">\n<li>were taken by us (Wasili Gilz, Vechta)<\/li>\n\n\n\n<li><a href=\"https:\/\/pixabay.com\/de\/\" target=\"_blank\" rel=\"noreferrer noopener\">Pixabay.com<\/a><\/li>\n\n\n\n<li>stock.adobe.com &#8211; Pixel_B, howtogoto, RomanR, nikkytok, ijeab, Chaosamran_Studio, Minerva Studio, evannovostro<\/li>\n<\/ul>\n<\/div>\n\n\n\n<div class=\"wp-block-column is-layout-flow wp-block-column-is-layout-flow\">\n<p><strong>Copyright<\/strong><\/p>\n\n\n\n<p>Die durch die Seitenbetreiber erstellten Inhalte und Werke auf diesen Seiten unterliegen dem deutschen Urheberrecht. Die Vervielf\u00e4ltigung, Bearbeitung, Verbreitung und jede Art der Verwertung au\u00dferhalb der Grenzen des Urheberrechtes bed\u00fcrfen der schriftlichen Zustimmung des jeweiligen Autors bzw. Erstellers. Downloads und Kopien dieser Seite sind nur f\u00fcr den privaten, nicht kommerziellen Gebrauch gestattet.  <\/p>\n\n\n\n<p>Soweit die Inhalte auf dieser Seite nicht vom Betreiber erstellt wurden, werden die Urheberrechte Dritter beachtet. Insbesondere werden Inhalte Dritter als solche gekennzeichnet. Sollten Sie trotzdem auf eine Urheberrechtsverletzung aufmerksam werden, bitten wir um einen entsprechenden Hinweis. Bei Bekanntwerden von Rechtsverletzungen werden wir derartige Inhalte umgehend entfernen.   <\/p>\n\n\n\n<p><em>Quellverweis: <a href=\"http:\/\/www.e-recht24.de\/muster-disclaimer.htm\" target=\"_blank\" rel=\"noreferrer noopener\">eRecht24 Disclaimer<\/a><\/em><\/p>\n<\/div>\n<\/div>\n","protected":false},"excerpt":{"rendered":"<p>Gilz Tech GmbHEcopark-Allee 3649685 Emstek Represented by:Dipl.-Ing. Wasili Gilz Contact:Phone +49 4473 32592-0E-mail: info@gilz-tech.de Entry in the commercial register:Oldenburg Local CourtRegister number: HRB 214799 Sales tax ID:Sales tax identification number according to\u00a727 a sales tax law: VAT ID No.: DE327186790StNr.: [&hellip;]<\/p>\n","protected":false},"author":2,"featured_media":640,"parent":0,"menu_order":0,"comment_status":"closed","ping_status":"closed","template":"","meta":{"_acf_changed":false,"footnotes":""},"class_list":["post-798","page","type-page","status-publish","has-post-thumbnail","hentry"],"acf":[],"_links":{"self":[{"href":"https:\/\/www.gilz-tech.de\/en\/wp-json\/wp\/v2\/pages\/798","targetHints":{"allow":["GET"]}}],"collection":[{"href":"https:\/\/www.gilz-tech.de\/en\/wp-json\/wp\/v2\/pages"}],"about":[{"href":"https:\/\/www.gilz-tech.de\/en\/wp-json\/wp\/v2\/types\/page"}],"author":[{"embeddable":true,"href":"https:\/\/www.gilz-tech.de\/en\/wp-json\/wp\/v2\/users\/2"}],"replies":[{"embeddable":true,"href":"https:\/\/www.gilz-tech.de\/en\/wp-json\/wp\/v2\/comments?post=798"}],"version-history":[{"count":9,"href":"https:\/\/www.gilz-tech.de\/en\/wp-json\/wp\/v2\/pages\/798\/revisions"}],"predecessor-version":[{"id":1476,"href":"https:\/\/www.gilz-tech.de\/en\/wp-json\/wp\/v2\/pages\/798\/revisions\/1476"}],"wp:featuredmedia":[{"embeddable":true,"href":"https:\/\/www.gilz-tech.de\/en\/wp-json\/wp\/v2\/media\/640"}],"wp:attachment":[{"href":"https:\/\/www.gilz-tech.de\/en\/wp-json\/wp\/v2\/media?parent=798"}],"curies":[{"name":"wp","href":"https:\/\/api.w.org\/{rel}","templated":true}]}}